{"id":1910,"date":"2025-09-22T09:11:26","date_gmt":"2025-09-22T09:11:26","guid":{"rendered":"https:\/\/projects.zzpe.pl\/strona-glowna\/"},"modified":"2026-03-04T11:28:05","modified_gmt":"2026-03-04T11:28:05","slug":"strona-glowna","status":"publish","type":"page","link":"https:\/\/projects.zzpe.pl\/pl\/strona-glowna\/","title":{"rendered":"Strona g\u0142\u00f3wna"},"content":{"rendered":"\n<style type=\"text\/css\" data-created_by=\"avia_inline_auto\" id=\"style-css-av-mh00386s-e2c75f9bcd83f817f1df8abacfc560f6\">\n.avia-section.av-mh00386s-e2c75f9bcd83f817f1df8abacfc560f6{\nbackground-repeat:no-repeat;\nbackground-image:url(https:\/\/projects.zzpe.pl\/wp-content\/uploads\/2025\/10\/title-1.png);\nbackground-position:50% 50%;\nbackground-attachment:scroll;\n}\n<\/style>\n<div id='av_section_1'  class='avia-section av-mh00386s-e2c75f9bcd83f817f1df8abacfc560f6 main_color avia-section-default avia-no-border-styling  avia-builder-el-0  el_before_av_section  avia-builder-el-first  avia-full-stretch avia-bg-style-scroll container_wrap sidebar_right'  data-section-bg-repeat='stretch'><div class='container av-section-cont-open' ><main  role=\"main\" itemprop=\"mainContentOfPage\"  class='template-page content  av-content-small alpha units'><div class='post-entry post-entry-type-page post-entry-1910'><div class='entry-content-wrapper clearfix'>\n\n<style type=\"text\/css\" data-created_by=\"avia_inline_auto\" id=\"style-css-av-mh00js0g-8f3fcefd27ec0a2026b5dac1d07fdc95\">\n#top .hr.hr-invisible.av-mh00js0g-8f3fcefd27ec0a2026b5dac1d07fdc95{\nheight:125px;\n}\n<\/style>\n<div  class='hr av-mh00js0g-8f3fcefd27ec0a2026b5dac1d07fdc95 hr-invisible  avia-builder-el-1  el_before_av_heading  avia-builder-el-first '><span class='hr-inner '><span class=\"hr-inner-style\"><\/span><\/span><\/div>\n\n<style type=\"text\/css\" data-created_by=\"avia_inline_auto\" id=\"style-css-av-mh00csdk-ab1dbef16a3f4cdcf09b242a158ca689\">\n#top .av-special-heading.av-mh00csdk-ab1dbef16a3f4cdcf09b242a158ca689{\npadding-bottom:10px;\ncolor:#ffffff;\nfont-size:6.5vw;\n}\nbody .av-special-heading.av-mh00csdk-ab1dbef16a3f4cdcf09b242a158ca689 .av-special-heading-tag .heading-char{\nfont-size:25px;\n}\n#top #wrap_all .av-special-heading.av-mh00csdk-ab1dbef16a3f4cdcf09b242a158ca689 .av-special-heading-tag{\nfont-size:6.5vw;\n}\n.av-special-heading.av-mh00csdk-ab1dbef16a3f4cdcf09b242a158ca689 .special-heading-inner-border{\nborder-color:#ffffff;\n}\n.av-special-heading.av-mh00csdk-ab1dbef16a3f4cdcf09b242a158ca689 .av-subheading{\nfont-size:15px;\ncolor:#ffffff;\n}\nbody .av-special-heading.av-mh00csdk-ab1dbef16a3f4cdcf09b242a158ca689 .av-special-heading-tag .heading-wrap:before{\nborder-color:#ffffff;\n}\nbody .av-special-heading.av-mh00csdk-ab1dbef16a3f4cdcf09b242a158ca689 .av-special-heading-tag .heading-wrap:after{\nborder-color:#ffffff;\n}\n\n@media only screen and (min-width: 480px) and (max-width: 767px){ \n#top #wrap_all .av-special-heading.av-mh00csdk-ab1dbef16a3f4cdcf09b242a158ca689 .av-special-heading-tag{\nfont-size:0.8em;\n}\n}\n\n@media only screen and (max-width: 479px){ \n#top #wrap_all .av-special-heading.av-mh00csdk-ab1dbef16a3f4cdcf09b242a158ca689 .av-special-heading-tag{\nfont-size:0.8em;\n}\n}\n<\/style>\n<div  class='av-special-heading av-mh00csdk-ab1dbef16a3f4cdcf09b242a158ca689 av-special-heading-h1 custom-color-heading blockquote modern-quote modern-centered  avia-builder-el-2  el_after_av_hr  el_before_av_heading  av-inherit-size'><h1 class='av-special-heading-tag '  itemprop=\"headline\"  >IEPTT <\/h1><div class='av_custom_color av-subheading av-subheading_below'><p>Zwi\u0119kszenie partycypacji pracownik\u00f3w w podw\u00f3jnej transformacji<\/p>\n<\/div><div class=\"special-heading-border\"><div class=\"special-heading-inner-border\"><\/div><\/div><\/div>\n\n<style type=\"text\/css\" data-created_by=\"avia_inline_auto\" id=\"style-css-av-mh00duih-4be11ab381036ef366f68809d63087d9\">\n#top .av-special-heading.av-mh00duih-4be11ab381036ef366f68809d63087d9{\npadding-bottom:10px;\ncolor:#ffffff;\n}\nbody .av-special-heading.av-mh00duih-4be11ab381036ef366f68809d63087d9 .av-special-heading-tag .heading-char{\nfont-size:25px;\n}\n.av-special-heading.av-mh00duih-4be11ab381036ef366f68809d63087d9 .special-heading-inner-border{\nborder-color:#ffffff;\n}\n.av-special-heading.av-mh00duih-4be11ab381036ef366f68809d63087d9 .av-subheading{\nfont-size:15px;\n}\n<\/style>\n<div  class='av-special-heading av-mh00duih-4be11ab381036ef366f68809d63087d9 av-special-heading-h2 custom-color-heading blockquote modern-quote modern-centered  avia-builder-el-3  el_after_av_heading  el_before_av_hr '><h2 class='av-special-heading-tag '  itemprop=\"headline\"  >Kursy online dla zainteresowanych stron<\/h2><div class=\"special-heading-border\"><div class=\"special-heading-inner-border\"><\/div><\/div><\/div>\n\n<style type=\"text\/css\" data-created_by=\"avia_inline_auto\" id=\"style-css-av-mh00ixha-e1afa4ac5232618d1734675f552d65bb\">\n#top .hr.hr-invisible.av-mh00ixha-e1afa4ac5232618d1734675f552d65bb{\nheight:125px;\n}\n<\/style>\n<div  class='hr av-mh00ixha-e1afa4ac5232618d1734675f552d65bb hr-invisible  avia-builder-el-4  el_after_av_heading  avia-builder-el-last '><span class='hr-inner '><span class=\"hr-inner-style\"><\/span><\/span><\/div>\n\n<\/div><\/div><\/main><!-- close content main element --><\/div><\/div>\n<style type=\"text\/css\" data-created_by=\"avia_inline_auto\" id=\"style-css-av-mhmvxk29-cd068dfb8edcd70a539ea0081aeaef77\">\n.avia-section.av-mhmvxk29-cd068dfb8edcd70a539ea0081aeaef77{\nbackground-repeat:no-repeat;\nbackground-image:url(https:\/\/projects.zzpe.pl\/wp-content\/uploads\/2025\/10\/Diseno-sin-titulo-1.png);\nbackground-position:0% 0%;\nbackground-attachment:scroll;\n}\n<\/style>\n<div id='av_section_2'  class='avia-section av-mhmvxk29-cd068dfb8edcd70a539ea0081aeaef77 main_color avia-section-default avia-no-border-styling  avia-builder-el-5  el_after_av_section  avia-builder-el-last  avia-bg-style-scroll container_wrap sidebar_right'  data-section-bg-repeat='no-repeat'><div class='container av-section-cont-open' ><div class='template-page content  av-content-small alpha units'><div class='post-entry post-entry-type-page post-entry-1910'><div class='entry-content-wrapper clearfix'>\n\n<style type=\"text\/css\" data-created_by=\"avia_inline_auto\" id=\"style-css-av-mhmwvync-5f96aa339946f8324272403bbdc39a14\">\n#top .av_textblock_section.av-mhmwvync-5f96aa339946f8324272403bbdc39a14 .avia_textblock{\nfont-size:14px;\n}\n<\/style>\n<section  class='av_textblock_section av-mhmwvync-5f96aa339946f8324272403bbdc39a14 '   itemscope=\"itemscope\" itemtype=\"https:\/\/schema.org\/CreativeWork\" ><div class='avia_textblock'  itemprop=\"text\" ><p>The project promotes an <strong data-start=\"57\" data-end=\"86\">inclusive twin transition<\/strong> in the European metal and machinery sector, addressing the challenges arising from <strong data-start=\"170\" data-end=\"188\">digitalization<\/strong> and <strong data-start=\"193\" data-end=\"212\">decarbonization<\/strong>. It aims to ensure that workers are prepared for labor market changes through upskilling, continuous training, and active participation in the transformation processes. The goal is to achieve a fair and sustainable adaptation where technological innovation and environmental sustainability go hand in hand with social inclusion.<\/p>\n<\/div><\/section>\n<div  class='hr av-av_hr-bca31578670ae9d408d6d6d291fc57a6 hr-default  avia-builder-el-7  el_after_av_textblock  el_before_av_textblock '><span class='hr-inner '><span class=\"hr-inner-style\"><\/span><\/span><\/div>\n\n<style type=\"text\/css\" data-created_by=\"avia_inline_auto\" id=\"style-css-av-mhmwxtix-e3b93100e01386c30e5a7b1dc4979959\">\n#top .av_textblock_section.av-mhmwxtix-e3b93100e01386c30e5a7b1dc4979959 .avia_textblock{\nfont-size:15px;\n}\n<\/style>\n<section  class='av_textblock_section av-mhmwxtix-e3b93100e01386c30e5a7b1dc4979959 '   itemscope=\"itemscope\" itemtype=\"https:\/\/schema.org\/CreativeWork\" ><div class='avia_textblock'  itemprop=\"text\" ><div class=\"record-field\" role=\"row\">\n<div class=\" record-label-name\" style=\"text-align: center;\" role=\"cell\"><strong><label>Start project: <\/label><\/strong><label>01-Nov-2024<\/label><\/div>\n<\/div>\n<div class=\"record-field\" role=\"row\">\n<div class=\" record-label-name\" style=\"text-align: center;\" role=\"cell\"><strong><label>Finish project: <\/label><\/strong><label>31-Oct-2026<\/label><\/div>\n<\/div>\n<\/div><\/section>\n<div  class='hr av-av_hr-bca31578670ae9d408d6d6d291fc57a6 hr-default  avia-builder-el-9  el_after_av_textblock  el_before_av_textblock '><span class='hr-inner '><span class=\"hr-inner-style\"><\/span><\/span><\/div>\n\n<style type=\"text\/css\" data-created_by=\"avia_inline_auto\" id=\"style-css-av-mhmwyew0-bef2be4664172fcdcc0bfe0e898bbe45\">\n#top .av_textblock_section.av-mhmwyew0-bef2be4664172fcdcc0bfe0e898bbe45 .avia_textblock{\nfont-size:15px;\n}\n<\/style>\n<section  class='av_textblock_section av-mhmwyew0-bef2be4664172fcdcc0bfe0e898bbe45 '   itemscope=\"itemscope\" itemtype=\"https:\/\/schema.org\/CreativeWork\" ><div class='avia_textblock'  itemprop=\"text\" ><article class=\"text-token-text-primary w-full focus:outline-none &#091;--shadow-height:45px&#093; has-data-writing-block:pointer-events-none has-data-writing-block:-mt-(--shadow-height) has-data-writing-block:pt-(--shadow-height) &#091;&amp;:has(&#091;data-writing-block&#093;)&gt;*&#093;:pointer-events-auto &#091;content-visibility:auto&#093; supports-&#091;content-visibility:auto&#093;:&#091;contain-intrinsic-size:auto_100lvh&#093; scroll-mt-&#091;calc(var(--header-height)+min(200px,max(70px,20svh)))&#093;\" dir=\"auto\" tabindex=\"-1\" data-turn-id=\"request-WEB:d72f5cdd-2ab8-439b-849a-10819df14677-9\" data-testid=\"conversation-turn-6\" data-scroll-anchor=\"true\" data-turn=\"assistant\">\n<div class=\"text-base my-auto mx-auto pb-10 &#091;--thread-content-margin:--spacing(4)&#093; thread-sm:&#091;--thread-content-margin:--spacing(6)&#093; thread-lg:&#091;--thread-content-margin:--spacing(16)&#093; px-(--thread-content-margin)\">\n<div class=\"&#091;--thread-content-max-width:40rem&#093; thread-lg:&#091;--thread-content-max-width:48rem&#093; mx-auto max-w-(--thread-content-max-width) flex-1 group\/turn-messages focus-visible:outline-hidden relative flex w-full min-w-0 flex-col agent-turn\" tabindex=\"-1\">\n<div class=\"flex max-w-full flex-col grow\">\n<div class=\"min-h-8 text-message relative flex w-full flex-col items-end gap-2 text-start break-words whitespace-normal &#091;.text-message+&amp;&#093;:mt-1\" dir=\"auto\" data-message-author-role=\"assistant\" data-message-id=\"e888c185-1e3b-4deb-bdd0-323f3aa62633\" data-message-model-slug=\"gpt-5\">\n<div class=\"flex w-full flex-col gap-1 empty:hidden first:pt-&#091;1px&#093;\">\n<div class=\"markdown prose dark:prose-invert w-full break-words dark markdown-new-styling\">\n<p data-start=\"0\" data-end=\"25\"><strong data-start=\"0\" data-end=\"23\">Project Objectives:<\/strong><\/p>\n<ul data-start=\"27\" data-end=\"669\" data-is-last-node=\"\" data-is-only-node=\"\">\n<li data-start=\"27\" data-end=\"174\">\n<p data-start=\"29\" data-end=\"174\"><strong data-start=\"29\" data-end=\"52\">Promote inclusivity<\/strong> in the twin transition process within the metal and machinery sector, ensuring that no group of workers is left behind.<\/p>\n<\/li>\n<li data-start=\"175\" data-end=\"295\">\n<p data-start=\"177\" data-end=\"295\"><strong data-start=\"177\" data-end=\"214\">Support upskilling and reskilling<\/strong> of employees to meet the demands of digitalization and sustainable production.<\/p>\n<\/li>\n<li data-start=\"296\" data-end=\"430\">\n<p data-start=\"298\" data-end=\"430\"><strong data-start=\"298\" data-end=\"327\">Encourage social dialogue<\/strong> between workers, employers, and stakeholders to foster cooperation during industrial transformation.<\/p>\n<\/li>\n<li data-start=\"431\" data-end=\"540\">\n<p data-start=\"433\" data-end=\"540\"><strong data-start=\"433\" data-end=\"454\">Enhance awareness<\/strong> about the environmental and technological changes shaping the future of the sector.<\/p>\n<\/li>\n<li data-start=\"541\" data-end=\"669\" data-is-last-node=\"\">\n<p data-start=\"543\" data-end=\"669\" data-is-last-node=\"\"><strong data-start=\"543\" data-end=\"594\">Contribute to a fair and sustainable transition<\/strong>, aligning innovation, environmental responsibility, and social well-being.<\/p>\n<\/li>\n<\/ul>\n<\/div>\n<\/div>\n<\/div>\n<\/div>\n<div class=\"z-0 flex min-h-&#091;46px&#093; justify-start\"><\/div>\n<div class=\"mt-3 w-full empty:hidden\">\n<div class=\"text-center\"><\/div>\n<\/div>\n<\/div>\n<\/div>\n<\/article>\n<div class=\"pointer-events-none h-px w-px\" aria-hidden=\"true\" data-edge=\"true\"><\/div>\n<\/div><\/section>\n<\/div><\/div><\/div><!-- close content main div --><\/div><\/div><div id='after_section_2'  class='main_color av_default_container_wrap container_wrap sidebar_right'  ><div class='container av-section-cont-open' ><div class='template-page content  av-content-small alpha units'><div class='post-entry post-entry-type-page post-entry-1910'><div class='entry-content-wrapper clearfix'>\n","protected":false},"excerpt":{"rendered":"","protected":false},"author":1,"featured_media":0,"parent":0,"menu_order":0,"comment_status":"closed","ping_status":"closed","template":"","meta":{"footnotes":""},"class_list":["post-1910","page","type-page","status-publish","hentry"],"_links":{"self":[{"href":"https:\/\/projects.zzpe.pl\/pl\/wp-json\/wp\/v2\/pages\/1910","targetHints":{"allow":["GET"]}}],"collection":[{"href":"https:\/\/projects.zzpe.pl\/pl\/wp-json\/wp\/v2\/pages"}],"about":[{"href":"https:\/\/projects.zzpe.pl\/pl\/wp-json\/wp\/v2\/types\/page"}],"author":[{"embeddable":true,"href":"https:\/\/projects.zzpe.pl\/pl\/wp-json\/wp\/v2\/users\/1"}],"replies":[{"embeddable":true,"href":"https:\/\/projects.zzpe.pl\/pl\/wp-json\/wp\/v2\/comments?post=1910"}],"version-history":[{"count":1,"href":"https:\/\/projects.zzpe.pl\/pl\/wp-json\/wp\/v2\/pages\/1910\/revisions"}],"predecessor-version":[{"id":1915,"href":"https:\/\/projects.zzpe.pl\/pl\/wp-json\/wp\/v2\/pages\/1910\/revisions\/1915"}],"wp:attachment":[{"href":"https:\/\/projects.zzpe.pl\/pl\/wp-json\/wp\/v2\/media?parent=1910"}],"curies":[{"name":"wp","href":"https:\/\/api.w.org\/{rel}","templated":true}]}}