{"id":1984,"date":"2025-12-23T15:56:31","date_gmt":"2025-12-23T15:56:31","guid":{"rendered":"https:\/\/projects.zzpe.pl\/akcioni-plan\/"},"modified":"2026-03-06T07:02:51","modified_gmt":"2026-03-06T07:02:51","slug":"akcioni-plan","status":"publish","type":"page","link":"https:\/\/projects.zzpe.pl\/me\/akcioni-plan\/","title":{"rendered":"Akcioni plan"},"content":{"rendered":"\n<style type=\"text\/css\" data-created_by=\"avia_inline_auto\" id=\"style-css-av-mh00386s-e2c75f9bcd83f817f1df8abacfc560f6\">\n.avia-section.av-mh00386s-e2c75f9bcd83f817f1df8abacfc560f6{\nbackground-repeat:no-repeat;\nbackground-image:url(https:\/\/projects.zzpe.pl\/wp-content\/uploads\/2025\/10\/title-1.png);\nbackground-position:50% 50%;\nbackground-attachment:scroll;\n}\n<\/style>\n<div id='av_section_1'  class='avia-section av-mh00386s-e2c75f9bcd83f817f1df8abacfc560f6 main_color avia-section-default avia-no-border-styling  avia-builder-el-0  el_before_av_section  avia-builder-el-first  avia-full-stretch avia-bg-style-scroll container_wrap sidebar_right'  data-section-bg-repeat='stretch'><div class='container av-section-cont-open' ><main  role=\"main\" itemprop=\"mainContentOfPage\"  class='template-page content  av-content-small alpha units'><div class='post-entry post-entry-type-page post-entry-1984'><div class='entry-content-wrapper clearfix'>\n\n<style type=\"text\/css\" data-created_by=\"avia_inline_auto\" id=\"style-css-av-mh00js0g-8f3fcefd27ec0a2026b5dac1d07fdc95\">\n#top .hr.hr-invisible.av-mh00js0g-8f3fcefd27ec0a2026b5dac1d07fdc95{\nheight:125px;\n}\n<\/style>\n<div  class='hr av-mh00js0g-8f3fcefd27ec0a2026b5dac1d07fdc95 hr-invisible  avia-builder-el-1  el_before_av_heading  avia-builder-el-first '><span class='hr-inner '><span class=\"hr-inner-style\"><\/span><\/span><\/div>\n\n<style type=\"text\/css\" data-created_by=\"avia_inline_auto\" id=\"style-css-av-mh00csdk-ab1dbef16a3f4cdcf09b242a158ca689\">\n#top .av-special-heading.av-mh00csdk-ab1dbef16a3f4cdcf09b242a158ca689{\npadding-bottom:10px;\ncolor:#ffffff;\nfont-size:6.5vw;\n}\nbody .av-special-heading.av-mh00csdk-ab1dbef16a3f4cdcf09b242a158ca689 .av-special-heading-tag .heading-char{\nfont-size:25px;\n}\n#top #wrap_all .av-special-heading.av-mh00csdk-ab1dbef16a3f4cdcf09b242a158ca689 .av-special-heading-tag{\nfont-size:6.5vw;\n}\n.av-special-heading.av-mh00csdk-ab1dbef16a3f4cdcf09b242a158ca689 .special-heading-inner-border{\nborder-color:#ffffff;\n}\n.av-special-heading.av-mh00csdk-ab1dbef16a3f4cdcf09b242a158ca689 .av-subheading{\nfont-size:15px;\ncolor:#ffffff;\n}\nbody .av-special-heading.av-mh00csdk-ab1dbef16a3f4cdcf09b242a158ca689 .av-special-heading-tag .heading-wrap:before{\nborder-color:#ffffff;\n}\nbody .av-special-heading.av-mh00csdk-ab1dbef16a3f4cdcf09b242a158ca689 .av-special-heading-tag .heading-wrap:after{\nborder-color:#ffffff;\n}\n\n@media only screen and (min-width: 480px) and (max-width: 767px){ \n#top #wrap_all .av-special-heading.av-mh00csdk-ab1dbef16a3f4cdcf09b242a158ca689 .av-special-heading-tag{\nfont-size:0.8em;\n}\n}\n\n@media only screen and (max-width: 479px){ \n#top #wrap_all .av-special-heading.av-mh00csdk-ab1dbef16a3f4cdcf09b242a158ca689 .av-special-heading-tag{\nfont-size:0.8em;\n}\n}\n<\/style>\n<div  class='av-special-heading av-mh00csdk-ab1dbef16a3f4cdcf09b242a158ca689 av-special-heading-h1 custom-color-heading blockquote modern-quote modern-centered  avia-builder-el-2  el_after_av_hr  el_before_av_heading  av-inherit-size'><h1 class='av-special-heading-tag '  itemprop=\"headline\"  >IEPTT <\/h1><div class='av_custom_color av-subheading av-subheading_below'><p>Unapre\u0111enje u\u010de\u0161\u0107a zaposlenih u dvojnoj tranziciji<\/p>\n<\/div><div class=\"special-heading-border\"><div class=\"special-heading-inner-border\"><\/div><\/div><\/div>\n\n<style type=\"text\/css\" data-created_by=\"avia_inline_auto\" id=\"style-css-av-mh00duih-eb8d9641c79b167c8ed0c77535475e55\">\n#top .av-special-heading.av-mh00duih-eb8d9641c79b167c8ed0c77535475e55{\npadding-bottom:10px;\ncolor:#ffffff;\n}\nbody .av-special-heading.av-mh00duih-eb8d9641c79b167c8ed0c77535475e55 .av-special-heading-tag .heading-char{\nfont-size:25px;\n}\n.av-special-heading.av-mh00duih-eb8d9641c79b167c8ed0c77535475e55 .special-heading-inner-border{\nborder-color:#ffffff;\n}\n.av-special-heading.av-mh00duih-eb8d9641c79b167c8ed0c77535475e55 .av-subheading{\nfont-size:15px;\n}\n<\/style>\n<div  class='av-special-heading av-mh00duih-eb8d9641c79b167c8ed0c77535475e55 av-special-heading-h2 custom-color-heading blockquote modern-quote modern-centered  avia-builder-el-3  el_after_av_heading  el_before_av_hr '><h2 class='av-special-heading-tag '  itemprop=\"headline\"  >Onlajn kursevi za zainteresovane strane<\/h2><div class=\"special-heading-border\"><div class=\"special-heading-inner-border\"><\/div><\/div><\/div>\n\n<style type=\"text\/css\" data-created_by=\"avia_inline_auto\" id=\"style-css-av-mh00ixha-e1afa4ac5232618d1734675f552d65bb\">\n#top .hr.hr-invisible.av-mh00ixha-e1afa4ac5232618d1734675f552d65bb{\nheight:125px;\n}\n<\/style>\n<div  class='hr av-mh00ixha-e1afa4ac5232618d1734675f552d65bb hr-invisible  avia-builder-el-4  el_after_av_heading  avia-builder-el-last '><span class='hr-inner '><span class=\"hr-inner-style\"><\/span><\/span><\/div>\n\n<\/div><\/div><\/main><!-- close content main element --><\/div><\/div>\n<style type=\"text\/css\" data-created_by=\"avia_inline_auto\" id=\"style-css-av-mh01xxo7-66628d4461cf0f16dfbbecc190c09760\">\n.avia-section.av-mh01xxo7-66628d4461cf0f16dfbbecc190c09760{\nbackground-repeat:no-repeat;\nbackground-image:url(https:\/\/projects.zzpe.pl\/wp-content\/uploads\/2025\/10\/Diseno-sin-titulo-1.png);\nbackground-position:50% 50%;\nbackground-attachment:scroll;\n}\n<\/style>\n<div id='av_section_2'  class='avia-section av-mh01xxo7-66628d4461cf0f16dfbbecc190c09760 main_color avia-section-default avia-no-border-styling  avia-builder-el-5  el_after_av_section  avia-builder-el-last  avia-full-stretch avia-bg-style-scroll container_wrap sidebar_right'  data-section-bg-repeat='stretch'><div class='container av-section-cont-open' ><div class='template-page content  av-content-small alpha units'><div class='post-entry post-entry-type-page post-entry-1984'><div class='entry-content-wrapper clearfix'>\n\n<\/div><\/div><\/div><!-- close content main div --><\/div><\/div><div id='after_section_2'  class='main_color av_default_container_wrap container_wrap sidebar_right'  ><div class='container av-section-cont-open' ><div class='template-page content  av-content-small alpha units'><div class='post-entry post-entry-type-page post-entry-1984'><div class='entry-content-wrapper clearfix'>\n","protected":false},"excerpt":{"rendered":"","protected":false},"author":2,"featured_media":0,"parent":0,"menu_order":0,"comment_status":"closed","ping_status":"closed","template":"","meta":{"footnotes":""},"class_list":["post-1984","page","type-page","status-publish","hentry"],"_links":{"self":[{"href":"https:\/\/projects.zzpe.pl\/me\/wp-json\/wp\/v2\/pages\/1984","targetHints":{"allow":["GET"]}}],"collection":[{"href":"https:\/\/projects.zzpe.pl\/me\/wp-json\/wp\/v2\/pages"}],"about":[{"href":"https:\/\/projects.zzpe.pl\/me\/wp-json\/wp\/v2\/types\/page"}],"author":[{"embeddable":true,"href":"https:\/\/projects.zzpe.pl\/me\/wp-json\/wp\/v2\/users\/2"}],"replies":[{"embeddable":true,"href":"https:\/\/projects.zzpe.pl\/me\/wp-json\/wp\/v2\/comments?post=1984"}],"version-history":[{"count":3,"href":"https:\/\/projects.zzpe.pl\/me\/wp-json\/wp\/v2\/pages\/1984\/revisions"}],"predecessor-version":[{"id":3559,"href":"https:\/\/projects.zzpe.pl\/me\/wp-json\/wp\/v2\/pages\/1984\/revisions\/3559"}],"wp:attachment":[{"href":"https:\/\/projects.zzpe.pl\/me\/wp-json\/wp\/v2\/media?parent=1984"}],"curies":[{"name":"wp","href":"https:\/\/api.w.org\/{rel}","templated":true}]}}